{"id":3359,"date":"2021-02-09T22:22:08","date_gmt":"2021-02-09T22:22:08","guid":{"rendered":"http:\/\/famadesa.es\/catalogo\/?post_type=product&#038;p=3359"},"modified":"2021-02-22T09:37:07","modified_gmt":"2021-02-22T09:37:07","slug":"jarrete-de-jamon","status":"publish","type":"product","link":"https:\/\/famadesa.es\/catalogo\/frescos\/jamones\/jarrete-de-jamon\/","title":{"rendered":"Jarrete de Jam\u00f3n"},"content":{"rendered":"<p>[vc_row content_placement=&#8221;top&#8221;][vc_column width=&#8221;1\/2&#8243;]\t\t\t<div class=\"info-box-wrapper \">\n\t\t\t\t<div id=\"wd-60337ae1a6a0c\" class=\" woodmart-info-box text-left box-icon-align-left box-style- color-scheme- woodmart-bg-none box-title-small vc_custom_1613987110955\"  >\n\t\t\t\t\t\t\t\t\t\t\t<div class=\"box-icon-wrapper  box-with-icon box-icon-simple\">\n\t\t\t\t\t\t\t<div class=\"info-box-icon\">\n\n\t\t\t\t\t\t\t\n\t\t\t\t\t\t\t\t\t\t\t\t\t\t\t\t\t<img loading=\"lazy\" decoding=\"async\" class=\"info-icon image-1 \" src=\"https:\/\/famadesa.es\/catalogo\/wp-content\/uploads\/2020\/07\/icono-envase-111.png\" width=\"50\" height=\"50\" alt=\"icono-envase-111\" title=\"icono-envase-111\" \/>\t\t\t\t\t\t\t\t\t\t\t\t\t\t\t\t\n\t\t\t\t\t\t\t\n\t\t\t\t\t\t\t<\/div>\n\t\t\t\t\t\t<\/div>\n\t\t\t\t\t\t\t\t\t\t<div class=\"info-box-content\">\n\t\t\t\t\t\t<h4 class=\"info-box-title woodmart-font-weight- box-title-style-default\">PRESENTACIONES<\/h4>\t\t\t\t\t\t<div class=\"info-box-inner reset-mb-10\">\n\t\t\t\t\t\t\t<p>01-Bandeja de pl\u00e1stico.<\/p>\n\t\t\t\t\t\t<\/div>\n\n\t\t\t\t\t\t\t\t\t\t\t\t\n\t\t\t\t\t<\/div>\n\n\t\t\t\t\t\t\t\t\t<\/div>\n\t\t\t<\/div>\n\t\t[vc_empty_space woodmart_hide_large=&#8221;0&#8243; woodmart_hide_medium=&#8221;0&#8243; woodmart_hide_small=&#8221;0&#8243; woodmart_hide_extra_small=&#8221;0&#8243;]\t\t\t<div class=\"info-box-wrapper \">\n\t\t\t\t<div id=\"wd-60337b0276e6f\" class=\" woodmart-info-box text-left box-icon-align-left box-style- color-scheme- woodmart-bg-none box-title-small vc_custom_1613987136097\"  >\n\t\t\t\t\t\t\t\t\t\t\t<div class=\"box-icon-wrapper  box-with-icon box-icon-simple\">\n\t\t\t\t\t\t\t<div class=\"info-box-icon\">\n\n\t\t\t\t\t\t\t\n\t\t\t\t\t\t\t\t\t\t\t\t\t\t\t\t\t<img loading=\"lazy\" decoding=\"async\" class=\"info-icon image-1 \" src=\"https:\/\/famadesa.es\/catalogo\/wp-content\/uploads\/2020\/07\/icono-consumo.png\" width=\"50\" height=\"50\" alt=\"icono-consumo\" title=\"icono-consumo\" \/>\t\t\t\t\t\t\t\t\t\t\t\t\t\t\t\t\n\t\t\t\t\t\t\t\n\t\t\t\t\t\t\t<\/div>\n\t\t\t\t\t\t<\/div>\n\t\t\t\t\t\t\t\t\t\t<div class=\"info-box-content\">\n\t\t\t\t\t\t<h4 class=\"info-box-title woodmart-font-weight- box-title-style-default\">USO Y CONSUMO PREVISTO<\/h4>\t\t\t\t\t\t<div class=\"info-box-inner reset-mb-10\">\n\t\t\t\t\t\t\t<p>Producto destinado exclusivamente al consumo, previo completo cocinado, o a la elaboraci\u00f3n de productos c\u00e1rnicos y preparados de carne.<\/p>\n\t\t\t\t\t\t<\/div>\n\n\t\t\t\t\t\t\t\t\t\t\t\t\n\t\t\t\t\t<\/div>\n\n\t\t\t\t\t\t\t\t\t<\/div>\n\t\t\t<\/div>\n\t\t[\/vc_column][vc_column width=&#8221;1\/2&#8243; css=&#8221;.vc_custom_1490694541710{padding-top: 0px !important;}&#8221;]\t\t\t<div class=\"info-box-wrapper \">\n\t\t\t\t<div id=\"wd-60337ad4b2c4e\" class=\" woodmart-info-box text-left box-icon-align-left box-style- color-scheme- woodmart-bg-none box-title-small vc_custom_1613987082490\"  >\n\t\t\t\t\t\t\t\t\t\t\t<div class=\"box-icon-wrapper  box-with-icon box-icon-simple\">\n\t\t\t\t\t\t\t<div class=\"info-box-icon\">\n\n\t\t\t\t\t\t\t\n\t\t\t\t\t\t\t\t\t\t\t\t\t\t\t\t\t<img loading=\"lazy\" decoding=\"async\" class=\"info-icon image-1 \" src=\"https:\/\/famadesa.es\/catalogo\/wp-content\/uploads\/2020\/07\/icono-fecha.png\" width=\"50\" height=\"50\" alt=\"icono-fecha\" title=\"icono-fecha\" \/>\t\t\t\t\t\t\t\t\t\t\t\t\t\t\t\t\n\t\t\t\t\t\t\t\n\t\t\t\t\t\t\t<\/div>\n\t\t\t\t\t\t<\/div>\n\t\t\t\t\t\t\t\t\t\t<div class=\"info-box-content\">\n\t\t\t\t\t\t<h4 class=\"info-box-title woodmart-font-weight- box-title-style-default\">FECHA DE CADUCIDAD<\/h4>\t\t\t\t\t\t<div class=\"info-box-inner reset-mb-10\">\n\t\t\t\t\t\t\t<\/p>\n<div class=\"page\" title=\"Page 1\">\n<div class=\"layoutArea\">\n<div class=\"column\">\n<p>Siete d\u00edas.<\/p>\n<\/div>\n<\/div>\n<\/div>\n<p>\n\t\t\t\t\t\t<\/div>\n\n\t\t\t\t\t\t\t\t\t\t\t\t\n\t\t\t\t\t<\/div>\n\n\t\t\t\t\t\t\t\t\t<\/div>\n\t\t\t<\/div>\n\t\t[vc_empty_space woodmart_hide_large=&#8221;0&#8243; woodmart_hide_medium=&#8221;0&#8243; woodmart_hide_small=&#8221;0&#8243; woodmart_hide_extra_small=&#8221;0&#8243;]\t\t\t<div class=\"info-box-wrapper \">\n\t\t\t\t<div id=\"wd-60337b16062cc\" class=\" woodmart-info-box text-left box-icon-align-left box-style- color-scheme- woodmart-bg-none box-title-small vc_custom_1613987156329\"  >\n\t\t\t\t\t\t\t\t\t\t\t<div class=\"box-icon-wrapper  box-with-icon box-icon-simple\">\n\t\t\t\t\t\t\t<div class=\"info-box-icon\">\n\n\t\t\t\t\t\t\t\n\t\t\t\t\t\t\t\t\t\t\t\t\t\t\t\t\t<img loading=\"lazy\" decoding=\"async\" class=\"info-icon image-1 \" src=\"https:\/\/famadesa.es\/catalogo\/wp-content\/uploads\/2020\/07\/icono-uso.png\" width=\"50\" height=\"50\" alt=\"icono-uso\" title=\"icono-uso\" \/>\t\t\t\t\t\t\t\t\t\t\t\t\t\t\t\t\n\t\t\t\t\t\t\t\n\t\t\t\t\t\t\t<\/div>\n\t\t\t\t\t\t<\/div>\n\t\t\t\t\t\t\t\t\t\t<div class=\"info-box-content\">\n\t\t\t\t\t\t<h4 class=\"info-box-title woodmart-font-weight- box-title-style-default\">IDONEIDAD DEL PRODUCTO<\/h4>\t\t\t\t\t\t<div class=\"info-box-inner reset-mb-10\">\n\t\t\t\t\t\t\t<\/p>\n<div class=\"page\" title=\"Page 2\">\n<div class=\"layoutArea\">\n<div class=\"column\">\n<p style=\"text-align: left;\">Producto apto para ser consumido por cualquier grupo de poblaci\u00f3n, incluyendo grupos vulnerables (ancianos, ni\u00f1os, al\u00e9rgicos) salvo prescripci\u00f3n m\u00e9dica.<\/p>\n<\/div>\n<\/div>\n<\/div>\n<p>\n\t\t\t\t\t\t<\/div>\n\n\t\t\t\t\t\t\t\t\t\t\t\t\n\t\t\t\t\t<\/div>\n\n\t\t\t\t\t\t\t\t\t<\/div>\n\t\t\t<\/div>\n\t\t[\/vc_column][\/vc_row]<\/p>\n","protected":false},"excerpt":{"rendered":"<div class=\"page\" title=\"Page 1\">\n<div class=\"layoutArea\">\n<div class=\"column\">\n<p>Pieza obtenida de la extremidad posterior del cerdo, sin piel y deshuesada, cortada proximalmente por la articulaci\u00f3n de la rodilla y distalmente por la articulaci\u00f3n tarsometatarsiana, que recibe el nombre comercial de jarrete.<\/p>\n<\/div>\n<\/div>\n<\/div>\n","protected":false},"featured_media":3360,"comment_status":"open","ping_status":"closed","template":"","meta":[],"product_cat":[41,65],"product_tag":[],"_links":{"self":[{"href":"https:\/\/famadesa.es\/catalogo\/wp-json\/wp\/v2\/product\/3359"}],"collection":[{"href":"https:\/\/famadesa.es\/catalogo\/wp-json\/wp\/v2\/product"}],"about":[{"href":"https:\/\/famadesa.es\/catalogo\/wp-json\/wp\/v2\/types\/product"}],"replies":[{"embeddable":true,"href":"https:\/\/famadesa.es\/catalogo\/wp-json\/wp\/v2\/comments?post=3359"}],"wp:featuredmedia":[{"embeddable":true,"href":"https:\/\/famadesa.es\/catalogo\/wp-json\/wp\/v2\/media\/3360"}],"wp:attachment":[{"href":"https:\/\/famadesa.es\/catalogo\/wp-json\/wp\/v2\/media?parent=3359"}],"wp:term":[{"taxonomy":"product_cat","embeddable":true,"href":"https:\/\/famadesa.es\/catalogo\/wp-json\/wp\/v2\/product_cat?post=3359"},{"taxonomy":"product_tag","embeddable":true,"href":"https:\/\/famadesa.es\/catalogo\/wp-json\/wp\/v2\/product_tag?post=3359"}],"curies":[{"name":"wp","href":"https:\/\/api.w.org\/{rel}","templated":true}]}}