{"id":3907,"date":"2021-06-25T07:25:34","date_gmt":"2021-06-25T07:25:34","guid":{"rendered":"https:\/\/famadesa.es\/catalogo\/?post_type=product&#038;p=3907"},"modified":"2021-06-28T10:49:01","modified_gmt":"2021-06-28T10:49:01","slug":"bacon-horeca-loncheado-1kg","status":"publish","type":"product","link":"https:\/\/famadesa.es\/catalogo\/embutidos\/loncheados\/bacon-horeca-loncheado-1kg\/","title":{"rendered":"Bacon horeca loncheado 1kg"},"content":{"rendered":"<p>[vc_row content_placement=&#8221;top&#8221;][vc_column width=&#8221;1\/2&#8243;]\t\t\t<div class=\"info-box-wrapper \">\n\t\t\t\t<div id=\"wd-60d5848b32af7\" class=\" woodmart-info-box text-left box-icon-align-left box-style- color-scheme- woodmart-bg-none box-title-small vc_custom_1624605855075\"  >\n\t\t\t\t\t\t\t\t\t\t\t<div class=\"box-icon-wrapper  box-with-icon box-icon-simple\">\n\t\t\t\t\t\t\t<div class=\"info-box-icon\">\n\n\t\t\t\t\t\t\t\n\t\t\t\t\t\t\t\t\t\t\t\t\t\t\t\t\t<img loading=\"lazy\" decoding=\"async\" class=\"info-icon image-1 \" src=\"https:\/\/famadesa.es\/catalogo\/wp-content\/uploads\/2020\/07\/icono-envase-111.png\" width=\"50\" height=\"50\" alt=\"icono-envase-111\" title=\"icono-envase-111\" \/>\t\t\t\t\t\t\t\t\t\t\t\t\t\t\t\t\n\t\t\t\t\t\t\t\n\t\t\t\t\t\t\t<\/div>\n\t\t\t\t\t\t<\/div>\n\t\t\t\t\t\t\t\t\t\t<div class=\"info-box-content\">\n\t\t\t\t\t\t<h4 class=\"info-box-title woodmart-font-weight- box-title-style-default\">PRESENTACIONES<\/h4>\t\t\t\t\t\t<div class=\"info-box-inner reset-mb-10\">\n\t\t\t\t\t\t\t<\/p>\n<div class=\"page\" title=\"Page 1\">\n<div class=\"layoutArea\">\n<div class=\"column\">\n<p>Producto loncheado de 1kg, envasadas al vac\u00edo y embaladas en cajas.<\/p>\n<p>Unidad de venta: Cajas de 5 Kg.<\/p>\n<\/div>\n<\/div>\n<\/div>\n<p>\n\t\t\t\t\t\t<\/div>\n\n\t\t\t\t\t\t\t\t\t\t\t\t\n\t\t\t\t\t<\/div>\n\n\t\t\t\t\t\t\t\t\t<\/div>\n\t\t\t<\/div>\n\t\t[vc_empty_space woodmart_hide_large=&#8221;0&#8243; woodmart_hide_medium=&#8221;0&#8243; woodmart_hide_small=&#8221;0&#8243; woodmart_hide_extra_small=&#8221;0&#8243;]\t\t\t<div class=\"info-box-wrapper \">\n\t\t\t\t<div id=\"wd-60d584b39bf6a\" class=\" woodmart-info-box text-left box-icon-align-left box-style- color-scheme- woodmart-bg-none box-title-small vc_custom_1624605888233\"  >\n\t\t\t\t\t\t\t\t\t\t\t<div class=\"box-icon-wrapper  box-with-icon box-icon-simple\">\n\t\t\t\t\t\t\t<div class=\"info-box-icon\">\n\n\t\t\t\t\t\t\t\n\t\t\t\t\t\t\t\t\t\t\t\t\t\t\t\t\t<img loading=\"lazy\" decoding=\"async\" class=\"info-icon image-1 \" src=\"https:\/\/famadesa.es\/catalogo\/wp-content\/uploads\/2020\/07\/icono-consumo.png\" width=\"50\" height=\"50\" alt=\"icono-consumo\" title=\"icono-consumo\" \/>\t\t\t\t\t\t\t\t\t\t\t\t\t\t\t\t\n\t\t\t\t\t\t\t\n\t\t\t\t\t\t\t<\/div>\n\t\t\t\t\t\t<\/div>\n\t\t\t\t\t\t\t\t\t\t<div class=\"info-box-content\">\n\t\t\t\t\t\t<h4 class=\"info-box-title woodmart-font-weight- box-title-style-default\">USO Y CONSUMO PREVISTO<\/h4>\t\t\t\t\t\t<div class=\"info-box-inner reset-mb-10\">\n\t\t\t\t\t\t\t<\/p>\n<div class=\"page\" title=\"Page 2\">\n<div class=\"layoutArea\">\n<div class=\"column\">\n<p>Consumir previo completo cocinado. (70\u00baC en el centro de la pieza durante 2 minutos o tratamiento equivalente).<\/p>\n<p>Retirar l\u00e1mina pl\u00e1stica antes de su cocinado.<\/p>\n<\/div>\n<\/div>\n<\/div>\n<p>\n\t\t\t\t\t\t<\/div>\n\n\t\t\t\t\t\t\t\t\t\t\t\t\n\t\t\t\t\t<\/div>\n\n\t\t\t\t\t\t\t\t\t<\/div>\n\t\t\t<\/div>\n\t\t[\/vc_column][vc_column width=&#8221;1\/2&#8243; css=&#8221;.vc_custom_1490694541710{padding-top: 0px !important;}&#8221;]\t\t\t<div class=\"info-box-wrapper \">\n\t\t\t\t<div id=\"wd-60d5826275416\" class=\" woodmart-info-box text-left box-icon-align-left box-style- color-scheme- woodmart-bg-none box-title-small vc_custom_1624605287927\"  >\n\t\t\t\t\t\t\t\t\t\t\t<div class=\"box-icon-wrapper  box-with-icon box-icon-simple\">\n\t\t\t\t\t\t\t<div class=\"info-box-icon\">\n\n\t\t\t\t\t\t\t\n\t\t\t\t\t\t\t\t\t\t\t\t\t\t\t\t\t<img loading=\"lazy\" decoding=\"async\" class=\"info-icon image-1 \" src=\"https:\/\/famadesa.es\/catalogo\/wp-content\/uploads\/2020\/07\/icono-fecha.png\" width=\"50\" height=\"50\" alt=\"icono-fecha\" title=\"icono-fecha\" \/>\t\t\t\t\t\t\t\t\t\t\t\t\t\t\t\t\n\t\t\t\t\t\t\t\n\t\t\t\t\t\t\t<\/div>\n\t\t\t\t\t\t<\/div>\n\t\t\t\t\t\t\t\t\t\t<div class=\"info-box-content\">\n\t\t\t\t\t\t<h4 class=\"info-box-title woodmart-font-weight- box-title-style-default\">FECHA DE CADUCIDAD<\/h4>\t\t\t\t\t\t<div class=\"info-box-inner reset-mb-10\">\n\t\t\t\t\t\t\t<\/p>\n<div class=\"page\" title=\"Page 2\">\n<div class=\"layoutArea\">\n<div class=\"column\">\n<p>Caduca a los 90 d\u00edas posteriores a su elaboraci\u00f3n en las condiciones de almacenamiento y uso prescritas.<\/p>\n<\/div>\n<\/div>\n<\/div>\n<p>\n\t\t\t\t\t\t<\/div>\n\n\t\t\t\t\t\t\t\t\t\t\t\t\n\t\t\t\t\t<\/div>\n\n\t\t\t\t\t\t\t\t\t<\/div>\n\t\t\t<\/div>\n\t\t[vc_empty_space woodmart_hide_large=&#8221;0&#8243; woodmart_hide_medium=&#8221;0&#8243; woodmart_hide_small=&#8221;0&#8243; woodmart_hide_extra_small=&#8221;0&#8243;]\t\t\t<div class=\"info-box-wrapper \">\n\t\t\t\t<div id=\"wd-60d584d89a1ae\" class=\" woodmart-info-box text-left box-icon-align-left box-style- color-scheme- woodmart-bg-none box-title-small vc_custom_1624605917944\"  >\n\t\t\t\t\t\t\t\t\t\t\t<div class=\"box-icon-wrapper  box-with-icon box-icon-simple\">\n\t\t\t\t\t\t\t<div class=\"info-box-icon\">\n\n\t\t\t\t\t\t\t\n\t\t\t\t\t\t\t\t\t\t\t\t\t\t\t\t\t<img loading=\"lazy\" decoding=\"async\" class=\"info-icon image-1 \" src=\"https:\/\/famadesa.es\/catalogo\/wp-content\/uploads\/2020\/07\/icono-uso.png\" width=\"50\" height=\"50\" alt=\"icono-uso\" title=\"icono-uso\" \/>\t\t\t\t\t\t\t\t\t\t\t\t\t\t\t\t\n\t\t\t\t\t\t\t\n\t\t\t\t\t\t\t<\/div>\n\t\t\t\t\t\t<\/div>\n\t\t\t\t\t\t\t\t\t\t<div class=\"info-box-content\">\n\t\t\t\t\t\t<h4 class=\"info-box-title woodmart-font-weight- box-title-style-default\">IDONEIDAD DEL PRODUCTO<\/h4>\t\t\t\t\t\t<div class=\"info-box-inner reset-mb-10\">\n\t\t\t\t\t\t\t<\/p>\n<div class=\"page\" title=\"Page 2\">\n<div class=\"layoutArea\">\n<div class=\"column\">\n<p style=\"text-align: left;\">Contiene soja, productos l\u00e1cteos. Sin gluten.<\/p>\n<p>Producto apto para ser consumido por cualquier tipo de grupo de poblaci\u00f3n, incluyendo grupos vulnerables (ancianos, ni\u00f1os, al\u00e9rgicos) salvo prescripci\u00f3n m\u00e9dica.<\/p>\n<\/div>\n<\/div>\n<\/div>\n<p>\n\t\t\t\t\t\t<\/div>\n\n\t\t\t\t\t\t\t\t\t\t\t\t\n\t\t\t\t\t<\/div>\n\n\t\t\t\t\t\t\t\t\t<\/div>\n\t\t\t<\/div>\n\t\t[\/vc_column][\/vc_row]<\/p>\n","protected":false},"excerpt":{"rendered":"<div class=\"page\" title=\"Page 1\">\n<div class=\"layoutArea\">\n<div class=\"column\">\n<p>Producto c\u00e1rnico procedente del tratamiento t\u00e9rmico de la panceta de cerdo.<\/p>\n<p>Externamente presenta un color pardo por el ahumado, mientras que interiormente es de color rosado t\u00edpico de la carne cocida y blanco del tocino.<\/p>\n<\/div>\n<\/div>\n<\/div>\n","protected":false},"featured_media":3908,"comment_status":"open","ping_status":"closed","template":"","meta":[],"product_cat":[88,43],"product_tag":[],"_links":{"self":[{"href":"https:\/\/famadesa.es\/catalogo\/wp-json\/wp\/v2\/product\/3907"}],"collection":[{"href":"https:\/\/famadesa.es\/catalogo\/wp-json\/wp\/v2\/product"}],"about":[{"href":"https:\/\/famadesa.es\/catalogo\/wp-json\/wp\/v2\/types\/product"}],"replies":[{"embeddable":true,"href":"https:\/\/famadesa.es\/catalogo\/wp-json\/wp\/v2\/comments?post=3907"}],"wp:featuredmedia":[{"embeddable":true,"href":"https:\/\/famadesa.es\/catalogo\/wp-json\/wp\/v2\/media\/3908"}],"wp:attachment":[{"href":"https:\/\/famadesa.es\/catalogo\/wp-json\/wp\/v2\/media?parent=3907"}],"wp:term":[{"taxonomy":"product_cat","embeddable":true,"href":"https:\/\/famadesa.es\/catalogo\/wp-json\/wp\/v2\/product_cat?post=3907"},{"taxonomy":"product_tag","embeddable":true,"href":"https:\/\/famadesa.es\/catalogo\/wp-json\/wp\/v2\/product_tag?post=3907"}],"curies":[{"name":"wp","href":"https:\/\/api.w.org\/{rel}","templated":true}]}}