{"id":4003,"date":"2021-06-28T16:54:29","date_gmt":"2021-06-28T16:54:29","guid":{"rendered":"https:\/\/famadesa.es\/catalogo\/?post_type=product&#038;p=4003"},"modified":"2021-06-29T08:25:05","modified_gmt":"2021-06-29T08:25:05","slug":"chorizo-extra-pavo","status":"publish","type":"product","link":"https:\/\/famadesa.es\/catalogo\/embutidos\/embutidos-embutidos\/chorizo-extra-pavo\/","title":{"rendered":"Chorizo extra Pavo"},"content":{"rendered":"<p>[vc_row content_placement=&#8221;top&#8221;][vc_column width=&#8221;1\/2&#8243;]\t\t\t<div class=\"info-box-wrapper \">\n\t\t\t\t<div id=\"wd-60d9fe84d2b73\" class=\" woodmart-info-box text-left box-icon-align-left box-style- color-scheme- woodmart-bg-none box-title-small vc_custom_1624899211320\"  >\n\t\t\t\t\t\t\t\t\t\t\t<div class=\"box-icon-wrapper  box-with-icon box-icon-simple\">\n\t\t\t\t\t\t\t<div class=\"info-box-icon\">\n\n\t\t\t\t\t\t\t\n\t\t\t\t\t\t\t\t\t\t\t\t\t\t\t\t\t<img loading=\"lazy\" decoding=\"async\" class=\"info-icon image-1 \" src=\"https:\/\/famadesa.es\/catalogo\/wp-content\/uploads\/2020\/07\/icono-envase-111.png\" width=\"50\" height=\"50\" alt=\"icono-envase-111\" title=\"icono-envase-111\" \/>\t\t\t\t\t\t\t\t\t\t\t\t\t\t\t\t\n\t\t\t\t\t\t\t\n\t\t\t\t\t\t\t<\/div>\n\t\t\t\t\t\t<\/div>\n\t\t\t\t\t\t\t\t\t\t<div class=\"info-box-content\">\n\t\t\t\t\t\t<h4 class=\"info-box-title woodmart-font-weight- box-title-style-default\">PRESENTACIONES<\/h4>\t\t\t\t\t\t<div class=\"info-box-inner reset-mb-10\">\n\t\t\t\t\t\t\t<\/p>\n<div class=\"page\" title=\"Page 1\">\n<div class=\"layoutArea\">\n<div class=\"column\">\n<p>Piezas de 1,4 Kg. aproximadamente, embutidas en tripa artificial no comestible y envasadas al vac\u00edo.<br \/>\nUnidad de venta: Cajas que contienen cuatro piezas.<\/p>\n<\/div>\n<\/div>\n<\/div>\n<p>\n\t\t\t\t\t\t<\/div>\n\n\t\t\t\t\t\t\t\t\t\t\t\t\n\t\t\t\t\t<\/div>\n\n\t\t\t\t\t\t\t\t\t<\/div>\n\t\t\t<\/div>\n\t\t[vc_empty_space woodmart_hide_large=&#8221;0&#8243; woodmart_hide_medium=&#8221;0&#8243; woodmart_hide_small=&#8221;0&#8243; woodmart_hide_extra_small=&#8221;0&#8243;]\t\t\t<div class=\"info-box-wrapper \">\n\t\t\t\t<div id=\"wd-60d9fa370fdd5\" class=\" woodmart-info-box text-left box-icon-align-left box-style- color-scheme- woodmart-bg-none box-title-small vc_custom_1624898108552\"  >\n\t\t\t\t\t\t\t\t\t\t\t<div class=\"box-icon-wrapper  box-with-icon box-icon-simple\">\n\t\t\t\t\t\t\t<div class=\"info-box-icon\">\n\n\t\t\t\t\t\t\t\n\t\t\t\t\t\t\t\t\t\t\t\t\t\t\t\t\t<img loading=\"lazy\" decoding=\"async\" class=\"info-icon image-1 \" src=\"https:\/\/famadesa.es\/catalogo\/wp-content\/uploads\/2020\/07\/icono-consumo.png\" width=\"50\" height=\"50\" alt=\"icono-consumo\" title=\"icono-consumo\" \/>\t\t\t\t\t\t\t\t\t\t\t\t\t\t\t\t\n\t\t\t\t\t\t\t\n\t\t\t\t\t\t\t<\/div>\n\t\t\t\t\t\t<\/div>\n\t\t\t\t\t\t\t\t\t\t<div class=\"info-box-content\">\n\t\t\t\t\t\t<h4 class=\"info-box-title woodmart-font-weight- box-title-style-default\">USO Y CONSUMO PREVISTO<\/h4>\t\t\t\t\t\t<div class=\"info-box-inner reset-mb-10\">\n\t\t\t\t\t\t\t<\/p>\n<div class=\"page\" title=\"Page 2\">\n<div class=\"layoutArea\">\n<div class=\"column\">\n<p>\u2022 Producto apto para ser consumido por cualquier tipo de grupo de poblaci\u00f3n, incluyendo grupos vulnerables (ancianos, ni\u00f1os, al\u00e9rgicos) salvo prescripci\u00f3n m\u00e9dica<br \/>\n\u2022 Para venta previo fraccionamiento.<br \/>\n\u2022 No necesita preparaci\u00f3n culinaria. Producto listo para el consumo.<\/p>\n<\/div>\n<\/div>\n<\/div>\n<p>\n\t\t\t\t\t\t<\/div>\n\n\t\t\t\t\t\t\t\t\t\t\t\t\n\t\t\t\t\t<\/div>\n\n\t\t\t\t\t\t\t\t\t<\/div>\n\t\t\t<\/div>\n\t\t[\/vc_column][vc_column width=&#8221;1\/2&#8243; css=&#8221;.vc_custom_1490694541710{padding-top: 0px !important;}&#8221;]\t\t\t<div class=\"info-box-wrapper \">\n\t\t\t\t<div id=\"wd-60d9fa447d424\" class=\" woodmart-info-box text-left box-icon-align-left box-style- color-scheme- woodmart-bg-none box-title-small vc_custom_1624898121478\"  >\n\t\t\t\t\t\t\t\t\t\t\t<div class=\"box-icon-wrapper  box-with-icon box-icon-simple\">\n\t\t\t\t\t\t\t<div class=\"info-box-icon\">\n\n\t\t\t\t\t\t\t\n\t\t\t\t\t\t\t\t\t\t\t\t\t\t\t\t\t<img loading=\"lazy\" decoding=\"async\" class=\"info-icon image-1 \" src=\"https:\/\/famadesa.es\/catalogo\/wp-content\/uploads\/2020\/07\/icono-fecha.png\" width=\"50\" height=\"50\" alt=\"icono-fecha\" title=\"icono-fecha\" \/>\t\t\t\t\t\t\t\t\t\t\t\t\t\t\t\t\n\t\t\t\t\t\t\t\n\t\t\t\t\t\t\t<\/div>\n\t\t\t\t\t\t<\/div>\n\t\t\t\t\t\t\t\t\t\t<div class=\"info-box-content\">\n\t\t\t\t\t\t<h4 class=\"info-box-title woodmart-font-weight- box-title-style-default\">FECHA DE CADUCIDAD<\/h4>\t\t\t\t\t\t<div class=\"info-box-inner reset-mb-10\">\n\t\t\t\t\t\t\t<\/p>\n<div class=\"page\" title=\"Page 2\">\n<div class=\"layoutArea\">\n<div class=\"column\">\n<p>Consumir preferentemente en los 210 d\u00edas posteriores a su elaboraci\u00f3n en las condiciones de almacenamiento y uso prescritas.<\/p>\n<\/div>\n<\/div>\n<\/div>\n<p>\n\t\t\t\t\t\t<\/div>\n\n\t\t\t\t\t\t\t\t\t\t\t\t\n\t\t\t\t\t<\/div>\n\n\t\t\t\t\t\t\t\t\t<\/div>\n\t\t\t<\/div>\n\t\t[vc_empty_space woodmart_hide_large=&#8221;0&#8243; woodmart_hide_medium=&#8221;0&#8243; woodmart_hide_small=&#8221;0&#8243; woodmart_hide_extra_small=&#8221;0&#8243;]\t\t\t<div class=\"info-box-wrapper \">\n\t\t\t\t<div id=\"wd-60d9fdfce4cb0\" class=\" woodmart-info-box text-left box-icon-align-left box-style- color-scheme- woodmart-bg-none box-title-small vc_custom_1624899073859\"  >\n\t\t\t\t\t\t\t\t\t\t\t<div class=\"box-icon-wrapper  box-with-icon box-icon-simple\">\n\t\t\t\t\t\t\t<div class=\"info-box-icon\">\n\n\t\t\t\t\t\t\t\n\t\t\t\t\t\t\t\t\t\t\t\t\t\t\t\t\t<img loading=\"lazy\" decoding=\"async\" class=\"info-icon image-1 \" src=\"https:\/\/famadesa.es\/catalogo\/wp-content\/uploads\/2020\/07\/icono-uso.png\" width=\"50\" height=\"50\" alt=\"icono-uso\" title=\"icono-uso\" \/>\t\t\t\t\t\t\t\t\t\t\t\t\t\t\t\t\n\t\t\t\t\t\t\t\n\t\t\t\t\t\t\t<\/div>\n\t\t\t\t\t\t<\/div>\n\t\t\t\t\t\t\t\t\t\t<div class=\"info-box-content\">\n\t\t\t\t\t\t<h4 class=\"info-box-title woodmart-font-weight- box-title-style-default\">IDONEIDAD DEL PRODUCTO<\/h4>\t\t\t\t\t\t<div class=\"info-box-inner reset-mb-10\">\n\t\t\t\t\t\t\t<\/p>\n<div class=\"page\" title=\"Page 2\">\n<div class=\"layoutArea\">\n<div class=\"column\">\n<p style=\"text-align: left;\">Contiene productos l\u00e1cteos. Sin gluten.<\/p>\n<p style=\"text-align: left;\">Producto apto para ser consumido por cualquier tipo de grupo de poblacio\u0301n, incluyendo grupos vulnerables (ancianos, nin\u0303os, ale\u0301rgicos) salvo prescripcio\u0301n me\u0301dica.<\/p>\n<\/div>\n<\/div>\n<\/div>\n<p>\n\t\t\t\t\t\t<\/div>\n\n\t\t\t\t\t\t\t\t\t\t\t\t\n\t\t\t\t\t<\/div>\n\n\t\t\t\t\t\t\t\t\t<\/div>\n\t\t\t<\/div>\n\t\t[\/vc_column][\/vc_row]<\/p>\n","protected":false},"excerpt":{"rendered":"<div class=\"page\" title=\"Page 1\">\n<div class=\"layoutArea\">\n<div class=\"column\">\n<p>Masa cil\u00edndrica de color rojo anaranjado que le proporciona el piment\u00f3n y en la que se diferencia el magro de otros ingredientes.<\/p>\n<\/div>\n<\/div>\n<\/div>\n","protected":false},"featured_media":4039,"comment_status":"open","ping_status":"closed","template":"","meta":[],"product_cat":[83,43],"product_tag":[],"_links":{"self":[{"href":"https:\/\/famadesa.es\/catalogo\/wp-json\/wp\/v2\/product\/4003"}],"collection":[{"href":"https:\/\/famadesa.es\/catalogo\/wp-json\/wp\/v2\/product"}],"about":[{"href":"https:\/\/famadesa.es\/catalogo\/wp-json\/wp\/v2\/types\/product"}],"replies":[{"embeddable":true,"href":"https:\/\/famadesa.es\/catalogo\/wp-json\/wp\/v2\/comments?post=4003"}],"wp:featuredmedia":[{"embeddable":true,"href":"https:\/\/famadesa.es\/catalogo\/wp-json\/wp\/v2\/media\/4039"}],"wp:attachment":[{"href":"https:\/\/famadesa.es\/catalogo\/wp-json\/wp\/v2\/media?parent=4003"}],"wp:term":[{"taxonomy":"product_cat","embeddable":true,"href":"https:\/\/famadesa.es\/catalogo\/wp-json\/wp\/v2\/product_cat?post=4003"},{"taxonomy":"product_tag","embeddable":true,"href":"https:\/\/famadesa.es\/catalogo\/wp-json\/wp\/v2\/product_tag?post=4003"}],"curies":[{"name":"wp","href":"https:\/\/api.w.org\/{rel}","templated":true}]}}