{"id":6731,"date":"2024-01-23T15:54:03","date_gmt":"2024-01-23T15:54:03","guid":{"rendered":"https:\/\/famadesa.es\/carnage\/"},"modified":"2026-04-15T20:21:42","modified_gmt":"2026-04-15T20:21:42","slug":"carnage","status":"publish","type":"page","link":"https:\/\/famadesa.es\/en\/carnage\/","title":{"rendered":"Carnage"},"content":{"rendered":"\t\t<div data-elementor-type=\"wp-page\" data-elementor-id=\"6731\" class=\"elementor elementor-6731 elementor-4974\" data-elementor-post-type=\"page\">\n\t\t\t\t\t\t<section class=\"elementor-section elementor-top-section elementor-element elementor-element-6ac235b elementor-section-boxed elementor-section-height-default elementor-section-height-default\" data-id=\"6ac235b\" data-element_type=\"section\" data-e-type=\"section\" data-settings=\"{&quot;background_background&quot;:&quot;classic&quot;}\">\n\t\t\t\t\t\t\t<div class=\"elementor-background-overlay\"><\/div>\n\t\t\t\t\t\t\t<div class=\"elementor-container elementor-column-gap-default\">\n\t\t\t\t\t<div class=\"elementor-column elementor-col-100 elementor-top-column elementor-element elementor-element-cdf1ac5\" data-id=\"cdf1ac5\" data-element_type=\"column\" data-e-type=\"column\" data-settings=\"{&quot;background_background&quot;:&quot;classic&quot;}\">\n\t\t\t<div class=\"elementor-widget-wrap elementor-element-populated\">\n\t\t\t\t\t\t<div class=\"elementor-element elementor-element-b9c232a elementor-widget elementor-widget-heading\" data-id=\"b9c232a\" data-element_type=\"widget\" data-e-type=\"widget\" data-widget_type=\"heading.default\">\n\t\t\t\t<div class=\"elementor-widget-container\">\n\t\t\t\t\t<h1 class=\"elementor-heading-title elementor-size-default\">Famadesa Butcher Shop<\/h1>\t\t\t\t<\/div>\n\t\t\t\t<\/div>\n\t\t\t\t\t<\/div>\n\t\t<\/div>\n\t\t\t\t\t<\/div>\n\t\t<\/section>\n\t\t\t\t<section class=\"elementor-section elementor-top-section elementor-element elementor-element-21db54ff elementor-reverse-mobile elementor-section-boxed elementor-section-height-default elementor-section-height-default\" data-id=\"21db54ff\" data-element_type=\"section\" data-e-type=\"section\">\n\t\t\t\t\t\t\t<div class=\"elementor-background-overlay\"><\/div>\n\t\t\t\t\t\t\t<div class=\"elementor-container elementor-column-gap-default\">\n\t\t\t\t\t<div class=\"elementor-column elementor-col-50 elementor-top-column elementor-element elementor-element-c87b054\" data-id=\"c87b054\" data-element_type=\"column\" data-e-type=\"column\" data-settings=\"{&quot;background_background&quot;:&quot;classic&quot;,&quot;animation&quot;:&quot;none&quot;,&quot;animation_delay&quot;:100}\">\n\t\t\t<div class=\"elementor-widget-wrap elementor-element-populated\">\n\t\t\t\t\t<div class=\"elementor-background-overlay\"><\/div>\n\t\t\t\t\t\t<div class=\"elementor-element elementor-element-2dd1c54 elementor-widget elementor-widget-spacer\" data-id=\"2dd1c54\" data-element_type=\"widget\" data-e-type=\"widget\" data-widget_type=\"spacer.default\">\n\t\t\t\t<div class=\"elementor-widget-container\">\n\t\t\t\t\t\t\t<div class=\"elementor-spacer\">\n\t\t\t<div class=\"elementor-spacer-inner\"><\/div>\n\t\t<\/div>\n\t\t\t\t\t\t<\/div>\n\t\t\t\t<\/div>\n\t\t\t\t\t<\/div>\n\t\t<\/div>\n\t\t\t\t<div class=\"elementor-column elementor-col-50 elementor-top-column elementor-element elementor-element-2a9efc71\" data-id=\"2a9efc71\" data-element_type=\"column\" data-e-type=\"column\" data-settings=\"{&quot;animation&quot;:&quot;none&quot;,&quot;animation_delay&quot;:300}\">\n\t\t\t<div class=\"elementor-widget-wrap elementor-element-populated\">\n\t\t\t\t\t\t<div class=\"elementor-element elementor-element-7b16f099 elementor-widget elementor-widget-heading\" data-id=\"7b16f099\" data-element_type=\"widget\" data-e-type=\"widget\" data-widget_type=\"heading.default\">\n\t\t\t\t<div class=\"elementor-widget-container\">\n\t\t\t\t\t<h2 class=\"elementor-heading-title elementor-size-default\">Camino Sta. In\u00e9s, 71, Campanillas (M\u00e1laga).<\/h2>\t\t\t\t<\/div>\n\t\t\t\t<\/div>\n\t\t\t\t<div class=\"elementor-element elementor-element-60075026 elementor-widget elementor-widget-heading\" data-id=\"60075026\" data-element_type=\"widget\" data-e-type=\"widget\" data-widget_type=\"heading.default\">\n\t\t\t\t<div class=\"elementor-widget-container\">\n\t\t\t\t\t<h2 class=\"elementor-heading-title elementor-size-default\">The butcher shop and delicatessen<br><br>of Famadesa in M\u00e1lagapanillas (M\u00e1laga).\n\n<\/h2>\t\t\t\t<\/div>\n\t\t\t\t<\/div>\n\t\t\t\t<div class=\"elementor-element elementor-element-67c25edc elementor-widget elementor-widget-text-editor\" data-id=\"67c25edc\" data-element_type=\"widget\" data-e-type=\"widget\" data-widget_type=\"text-editor.default\">\n\t\t\t\t<div class=\"elementor-widget-container\">\n\t\t\t\t\t\t\t\t\tAt the Famadesa butcher shop, you can find a wide variety of our own brand products (both meat and charcuterie), along with other beef, lamb, poultry, and rabbit products.\t\t\t\t\t\t\t\t<\/div>\n\t\t\t\t<\/div>\n\t\t\t\t<section class=\"elementor-section elementor-inner-section elementor-element elementor-element-ee9581e elementor-section-boxed elementor-section-height-default elementor-section-height-default\" data-id=\"ee9581e\" data-element_type=\"section\" data-e-type=\"section\">\n\t\t\t\t\t\t<div class=\"elementor-container elementor-column-gap-no\">\n\t\t\t\t\t<div class=\"elementor-column elementor-col-50 elementor-inner-column elementor-element elementor-element-96c960e\" data-id=\"96c960e\" data-element_type=\"column\" data-e-type=\"column\" data-settings=\"{&quot;background_background&quot;:&quot;classic&quot;}\">\n\t\t\t<div class=\"elementor-widget-wrap elementor-element-populated\">\n\t\t\t\t\t\t<div class=\"elementor-element elementor-element-381b76d elementor-widget elementor-widget-image\" data-id=\"381b76d\" data-element_type=\"widget\" data-e-type=\"widget\" data-widget_type=\"image.default\">\n\t\t\t\t<div class=\"elementor-widget-container\">\n\t\t\t\t\t\t\t\t\t\t\t\t\t\t\t<img fetchpriority=\"high\" decoding=\"async\" width=\"596\" height=\"323\" src=\"https:\/\/famadesa.es\/wp-content\/uploads\/2023\/10\/Logo_Famadesa_Calidad.png\" class=\"attachment-large size-large wp-image-6146\" alt=\"\" srcset=\"https:\/\/famadesa.es\/wp-content\/uploads\/2023\/10\/Logo_Famadesa_Calidad.png 596w, https:\/\/famadesa.es\/wp-content\/uploads\/2023\/10\/Logo_Famadesa_Calidad-300x163.png 300w\" sizes=\"(max-width: 596px) 100vw, 596px\" \/>\t\t\t\t\t\t\t\t\t\t\t\t\t\t\t<\/div>\n\t\t\t\t<\/div>\n\t\t\t\t<div class=\"elementor-element elementor-element-f3351a5 elementor-widget elementor-widget-heading\" data-id=\"f3351a5\" data-element_type=\"widget\" data-e-type=\"widget\" data-widget_type=\"heading.default\">\n\t\t\t\t<div class=\"elementor-widget-container\">\n\t\t\t\t\t<div class=\"elementor-heading-title elementor-size-default\">50 years<\/div>\t\t\t\t<\/div>\n\t\t\t\t<\/div>\n\t\t\t\t\t<\/div>\n\t\t<\/div>\n\t\t\t\t<div class=\"elementor-column elementor-col-50 elementor-inner-column elementor-element elementor-element-acaa101\" data-id=\"acaa101\" data-element_type=\"column\" data-e-type=\"column\">\n\t\t\t<div class=\"elementor-widget-wrap elementor-element-populated\">\n\t\t\t\t\t\t<div class=\"elementor-element elementor-element-ec6eb0f elementor-icon-list--layout-traditional elementor-list-item-link-full_width elementor-widget elementor-widget-icon-list\" data-id=\"ec6eb0f\" data-element_type=\"widget\" data-e-type=\"widget\" data-widget_type=\"icon-list.default\">\n\t\t\t\t<div class=\"elementor-widget-container\">\n\t\t\t\t\t\t\t<ul class=\"elementor-icon-list-items\">\n\t\t\t\t\t\t\t<li class=\"elementor-icon-list-item\">\n\t\t\t\t\t\t\t\t\t\t\t<span class=\"elementor-icon-list-icon\">\n\t\t\t\t\t\t\t<i aria-hidden=\"true\" class=\"far fa-check-circle\"><\/i>\t\t\t\t\t\t<\/span>\n\t\t\t\t\t\t\t\t\t\t<span class=\"elementor-icon-list-text\">BBQ packs<\/span>\n\t\t\t\t\t\t\t\t\t<\/li>\n\t\t\t\t\t\t\t\t<li class=\"elementor-icon-list-item\">\n\t\t\t\t\t\t\t\t\t\t\t<span class=\"elementor-icon-list-icon\">\n\t\t\t\t\t\t\t<i aria-hidden=\"true\" class=\"far fa-check-circle\"><\/i>\t\t\t\t\t\t<\/span>\n\t\t\t\t\t\t\t\t\t\t<span class=\"elementor-icon-list-text\">Pork<\/span>\n\t\t\t\t\t\t\t\t\t<\/li>\n\t\t\t\t\t\t\t\t<li class=\"elementor-icon-list-item\">\n\t\t\t\t\t\t\t\t\t\t\t<span class=\"elementor-icon-list-icon\">\n\t\t\t\t\t\t\t<i aria-hidden=\"true\" class=\"far fa-check-circle\"><\/i>\t\t\t\t\t\t<\/span>\n\t\t\t\t\t\t\t\t\t\t<span class=\"elementor-icon-list-text\">Malaga sausage<\/span>\n\t\t\t\t\t\t\t\t\t<\/li>\n\t\t\t\t\t\t\t\t<li class=\"elementor-icon-list-item\">\n\t\t\t\t\t\t\t\t\t\t\t<span class=\"elementor-icon-list-icon\">\n\t\t\t\t\t\t\t<i aria-hidden=\"true\" class=\"far fa-check-circle\"><\/i>\t\t\t\t\t\t<\/span>\n\t\t\t\t\t\t\t\t\t\t<span class=\"elementor-icon-list-text\">M\u00e1laga ham<\/span>\n\t\t\t\t\t\t\t\t\t<\/li>\n\t\t\t\t\t\t\t\t<li class=\"elementor-icon-list-item\">\n\t\t\t\t\t\t\t\t\t\t\t<span class=\"elementor-icon-list-icon\">\n\t\t\t\t\t\t\t<i aria-hidden=\"true\" class=\"far fa-check-circle\"><\/i>\t\t\t\t\t\t<\/span>\n\t\t\t\t\t\t\t\t\t\t<span class=\"elementor-icon-list-text\">Cold meats<\/span>\n\t\t\t\t\t\t\t\t\t<\/li>\n\t\t\t\t\t\t<\/ul>\n\t\t\t\t\t\t<\/div>\n\t\t\t\t<\/div>\n\t\t\t\t\t<\/div>\n\t\t<\/div>\n\t\t\t\t\t<\/div>\n\t\t<\/section>\n\t\t\t\t\t<\/div>\n\t\t<\/div>\n\t\t\t\t\t<\/div>\n\t\t<\/section>\n\t\t\t\t<section class=\"elementor-section elementor-top-section elementor-element elementor-element-6fc4db81 elementor-section-boxed elementor-section-height-default elementor-section-height-default\" data-id=\"6fc4db81\" data-element_type=\"section\" data-e-type=\"section\">\n\t\t\t\t\t\t<div class=\"elementor-container elementor-column-gap-default\">\n\t\t\t\t\t<div class=\"elementor-column elementor-col-50 elementor-top-column elementor-element elementor-element-1ad5112e\" data-id=\"1ad5112e\" data-element_type=\"column\" data-e-type=\"column\" data-settings=\"{&quot;animation&quot;:&quot;none&quot;}\">\n\t\t\t<div class=\"elementor-widget-wrap elementor-element-populated\">\n\t\t\t\t\t\t<div class=\"elementor-element elementor-element-11e8a50b elementor-widget elementor-widget-heading\" data-id=\"11e8a50b\" data-element_type=\"widget\" data-e-type=\"widget\" data-widget_type=\"heading.default\">\n\t\t\t\t<div class=\"elementor-widget-container\">\n\t\t\t\t\t<h2 class=\"elementor-heading-title elementor-size-default\">If you want to place an order, send us a message via WhatsApp <\/h2>\t\t\t\t<\/div>\n\t\t\t\t<\/div>\n\t\t\t\t<div class=\"elementor-element elementor-element-7cbf9c9a elementor-widget elementor-widget-text-editor\" data-id=\"7cbf9c9a\" data-element_type=\"widget\" data-e-type=\"widget\" data-widget_type=\"text-editor.default\">\n\t\t\t\t<div class=\"elementor-widget-container\">\n\t\t\t\t\t\t\t\t\tCustomers from all over the province of M\u00e1laga remain loyal to the best flavor,\nthe Taste of Quality, from generation to generation.\t\t\t\t\t\t\t\t<\/div>\n\t\t\t\t<\/div>\n\t\t\t\t<div class=\"elementor-element elementor-element-2472938 elementor-widget__width-auto elementor-widget elementor-widget-jkit_button\" data-id=\"2472938\" data-element_type=\"widget\" data-e-type=\"widget\" data-widget_type=\"jkit_button.default\">\n\t\t\t\t<div class=\"elementor-widget-container\">\n\t\t\t\t\t<div  class=\"jeg-elementor-kit jkit-button  icon-position-before jeg_module___69e0056e30dbb\" ><a href=\"https:\/\/api.whatsapp.com\/send\/?phone=34646688959&text=Hola%2C+estoy+visitando+Famadesa+y+necesito+hacer+un+pedido&type=phone_number&app_absent=0\" class=\"jkit-button-wrapper\" rel=\"nofollow noopener\" target=\"_blank\"><i aria-hidden=\"true\" class=\"fab fa-whatsapp\"><\/i>Order via WhatsApp<\/a><\/div>\t\t\t\t<\/div>\n\t\t\t\t<\/div>\n\t\t\t\t\t<\/div>\n\t\t<\/div>\n\t\t\t\t<div class=\"elementor-column elementor-col-50 elementor-top-column elementor-element elementor-element-93ba5a0\" data-id=\"93ba5a0\" data-element_type=\"column\" data-e-type=\"column\" data-settings=\"{&quot;background_background&quot;:&quot;classic&quot;,&quot;animation&quot;:&quot;none&quot;,&quot;animation_delay&quot;:100}\">\n\t\t\t<div class=\"elementor-widget-wrap elementor-element-populated\">\n\t\t\t\t\t<div class=\"elementor-background-overlay\"><\/div>\n\t\t\t\t\t\t<div class=\"elementor-element elementor-element-67acdb09 elementor-widget elementor-widget-spacer\" data-id=\"67acdb09\" data-element_type=\"widget\" data-e-type=\"widget\" data-widget_type=\"spacer.default\">\n\t\t\t\t<div class=\"elementor-widget-container\">\n\t\t\t\t\t\t\t<div class=\"elementor-spacer\">\n\t\t\t<div class=\"elementor-spacer-inner\"><\/div>\n\t\t<\/div>\n\t\t\t\t\t\t<\/div>\n\t\t\t\t<\/div>\n\t\t\t\t\t<\/div>\n\t\t<\/div>\n\t\t\t\t\t<\/div>\n\t\t<\/section>\n\t\t\t\t<section class=\"elementor-section elementor-top-section elementor-element elementor-element-18c83ef elementor-section-boxed elementor-section-height-default elementor-section-height-default\" data-id=\"18c83ef\" data-element_type=\"section\" data-e-type=\"section\">\n\t\t\t\t\t\t<div class=\"elementor-container elementor-column-gap-default\">\n\t\t\t\t\t<div class=\"elementor-column elementor-col-100 elementor-top-column elementor-element elementor-element-ea6e949\" data-id=\"ea6e949\" data-element_type=\"column\" data-e-type=\"column\">\n\t\t\t<div class=\"elementor-widget-wrap elementor-element-populated\">\n\t\t\t\t\t\t<div class=\"elementor-element elementor-element-9a22507 gallery-spacing-custom elementor-widget elementor-widget-image-gallery\" data-id=\"9a22507\" data-element_type=\"widget\" data-e-type=\"widget\" data-widget_type=\"image-gallery.default\">\n\t\t\t\t<div class=\"elementor-widget-container\">\n\t\t\t\t\t\t\t<div class=\"elementor-image-gallery\">\n\t\t\t<div id='gallery-1' class='gallery galleryid-6731 gallery-columns-6 gallery-size-woocommerce_thumbnail'><figure class='gallery-item'>\n\t\t\t<div class='gallery-icon landscape'>\n\t\t\t\t<a data-elementor-open-lightbox=\"yes\" data-elementor-lightbox-slideshow=\"9a22507\" data-elementor-lightbox-title=\"famadesa-carniceria-carne\" data-e-action-hash=\"#elementor-action%3Aaction%3Dlightbox%26settings%3DeyJpZCI6NjIxNCwidXJsIjoiaHR0cHM6XC9cL2ZhbWFkZXNhLmVzXC93cC1jb250ZW50XC91cGxvYWRzXC8yMDI0XC8wMVwvZmFtYWRlc2EtY2FybmljZXJpYS1jYXJuZS5qcGVnIiwic2xpZGVzaG93IjoiOWEyMjUwNyJ9\" href=\"https:\/\/famadesa.es\/wp-content\/uploads\/2024\/01\/famadesa-carniceria-carne.jpeg\"><img decoding=\"async\" width=\"300\" height=\"300\" src=\"https:\/\/famadesa.es\/wp-content\/uploads\/2024\/01\/famadesa-carniceria-carne-300x300.jpeg\" class=\"attachment-woocommerce_thumbnail size-woocommerce_thumbnail\" alt=\"\" srcset=\"https:\/\/famadesa.es\/wp-content\/uploads\/2024\/01\/famadesa-carniceria-carne-300x300.jpeg 300w, https:\/\/famadesa.es\/wp-content\/uploads\/2024\/01\/famadesa-carniceria-carne-100x100.jpeg 100w, https:\/\/famadesa.es\/wp-content\/uploads\/2024\/01\/famadesa-carniceria-carne-150x150.jpeg 150w\" sizes=\"(max-width: 300px) 100vw, 300px\" \/><\/a>\n\t\t\t<\/div><\/figure><figure class='gallery-item'>\n\t\t\t<div class='gallery-icon landscape'>\n\t\t\t\t<a data-elementor-open-lightbox=\"yes\" data-elementor-lightbox-slideshow=\"9a22507\" data-elementor-lightbox-title=\"comprar carne en malaga famadesa\" data-e-action-hash=\"#elementor-action%3Aaction%3Dlightbox%26settings%3DeyJpZCI6NjIxNSwidXJsIjoiaHR0cHM6XC9cL2ZhbWFkZXNhLmVzXC93cC1jb250ZW50XC91cGxvYWRzXC8yMDI0XC8wMVwvY29tcHJhci1jYXJuZS1lbi1tYWxhZ2EtZmFtYWRlc2EuanBlZyIsInNsaWRlc2hvdyI6IjlhMjI1MDcifQ%3D%3D\" href=\"https:\/\/famadesa.es\/wp-content\/uploads\/2024\/01\/comprar-carne-en-malaga-famadesa.jpeg\"><img decoding=\"async\" width=\"300\" height=\"300\" src=\"https:\/\/famadesa.es\/wp-content\/uploads\/2024\/01\/comprar-carne-en-malaga-famadesa-300x300.jpeg\" class=\"attachment-woocommerce_thumbnail size-woocommerce_thumbnail\" alt=\"\" srcset=\"https:\/\/famadesa.es\/wp-content\/uploads\/2024\/01\/comprar-carne-en-malaga-famadesa-300x300.jpeg 300w, https:\/\/famadesa.es\/wp-content\/uploads\/2024\/01\/comprar-carne-en-malaga-famadesa-100x100.jpeg 100w, https:\/\/famadesa.es\/wp-content\/uploads\/2024\/01\/comprar-carne-en-malaga-famadesa-150x150.jpeg 150w\" sizes=\"(max-width: 300px) 100vw, 300px\" \/><\/a>\n\t\t\t<\/div><\/figure><figure class='gallery-item'>\n\t\t\t<div class='gallery-icon landscape'>\n\t\t\t\t<a data-elementor-open-lightbox=\"yes\" data-elementor-lightbox-slideshow=\"9a22507\" data-elementor-lightbox-title=\"carne en malaga famadesa\" data-e-action-hash=\"#elementor-action%3Aaction%3Dlightbox%26settings%3DeyJpZCI6NjIxNiwidXJsIjoiaHR0cHM6XC9cL2ZhbWFkZXNhLmVzXC93cC1jb250ZW50XC91cGxvYWRzXC8yMDI0XC8wMVwvY2FybmUtZW4tbWFsYWdhLWZhbWFkZXNhLmpwZWciLCJzbGlkZXNob3ciOiI5YTIyNTA3In0%3D\" href=\"https:\/\/famadesa.es\/wp-content\/uploads\/2024\/01\/carne-en-malaga-famadesa.jpeg\"><img loading=\"lazy\" decoding=\"async\" width=\"300\" height=\"300\" src=\"https:\/\/famadesa.es\/wp-content\/uploads\/2024\/01\/carne-en-malaga-famadesa-300x300.jpeg\" class=\"attachment-woocommerce_thumbnail size-woocommerce_thumbnail\" alt=\"\" srcset=\"https:\/\/famadesa.es\/wp-content\/uploads\/2024\/01\/carne-en-malaga-famadesa-300x300.jpeg 300w, https:\/\/famadesa.es\/wp-content\/uploads\/2024\/01\/carne-en-malaga-famadesa-100x100.jpeg 100w, https:\/\/famadesa.es\/wp-content\/uploads\/2024\/01\/carne-en-malaga-famadesa-150x150.jpeg 150w\" sizes=\"(max-width: 300px) 100vw, 300px\" \/><\/a>\n\t\t\t<\/div><\/figure><figure class='gallery-item'>\n\t\t\t<div class='gallery-icon landscape'>\n\t\t\t\t<a data-elementor-open-lightbox=\"yes\" data-elementor-lightbox-slideshow=\"9a22507\" data-elementor-lightbox-title=\"pedido carniceria famadesa\" data-e-action-hash=\"#elementor-action%3Aaction%3Dlightbox%26settings%3DeyJpZCI6NjIxNywidXJsIjoiaHR0cHM6XC9cL2ZhbWFkZXNhLmVzXC93cC1jb250ZW50XC91cGxvYWRzXC8yMDI0XC8wMVwvcGVkaWRvLWNhcm5pY2VyaWEtZmFtYWRlc2EuanBlZyIsInNsaWRlc2hvdyI6IjlhMjI1MDcifQ%3D%3D\" href=\"https:\/\/famadesa.es\/wp-content\/uploads\/2024\/01\/pedido-carniceria-famadesa.jpeg\"><img loading=\"lazy\" decoding=\"async\" width=\"300\" height=\"300\" src=\"https:\/\/famadesa.es\/wp-content\/uploads\/2024\/01\/pedido-carniceria-famadesa-300x300.jpeg\" class=\"attachment-woocommerce_thumbnail size-woocommerce_thumbnail\" alt=\"\" srcset=\"https:\/\/famadesa.es\/wp-content\/uploads\/2024\/01\/pedido-carniceria-famadesa-300x300.jpeg 300w, https:\/\/famadesa.es\/wp-content\/uploads\/2024\/01\/pedido-carniceria-famadesa-100x100.jpeg 100w, https:\/\/famadesa.es\/wp-content\/uploads\/2024\/01\/pedido-carniceria-famadesa-150x150.jpeg 150w\" sizes=\"(max-width: 300px) 100vw, 300px\" \/><\/a>\n\t\t\t<\/div><\/figure><figure class='gallery-item'>\n\t\t\t<div class='gallery-icon landscape'>\n\t\t\t\t<a data-elementor-open-lightbox=\"yes\" data-elementor-lightbox-slideshow=\"9a22507\" data-elementor-lightbox-title=\"famadesa-carniceria-malaga\" data-e-action-hash=\"#elementor-action%3Aaction%3Dlightbox%26settings%3DeyJpZCI6NjIxOCwidXJsIjoiaHR0cHM6XC9cL2ZhbWFkZXNhLmVzXC93cC1jb250ZW50XC91cGxvYWRzXC8yMDI0XC8wMVwvZmFtYWRlc2EtY2FybmljZXJpYS1tYWxhZ2EuanBlZyIsInNsaWRlc2hvdyI6IjlhMjI1MDcifQ%3D%3D\" href=\"https:\/\/famadesa.es\/wp-content\/uploads\/2024\/01\/famadesa-carniceria-malaga.jpeg\"><img loading=\"lazy\" decoding=\"async\" width=\"300\" height=\"300\" src=\"https:\/\/famadesa.es\/wp-content\/uploads\/2024\/01\/famadesa-carniceria-malaga-300x300.jpeg\" class=\"attachment-woocommerce_thumbnail size-woocommerce_thumbnail\" alt=\"\" srcset=\"https:\/\/famadesa.es\/wp-content\/uploads\/2024\/01\/famadesa-carniceria-malaga-300x300.jpeg 300w, https:\/\/famadesa.es\/wp-content\/uploads\/2024\/01\/famadesa-carniceria-malaga-100x100.jpeg 100w, https:\/\/famadesa.es\/wp-content\/uploads\/2024\/01\/famadesa-carniceria-malaga-150x150.jpeg 150w\" sizes=\"(max-width: 300px) 100vw, 300px\" \/><\/a>\n\t\t\t<\/div><\/figure><figure class='gallery-item'>\n\t\t\t<div class='gallery-icon landscape'>\n\t\t\t\t<a data-elementor-open-lightbox=\"yes\" data-elementor-lightbox-slideshow=\"9a22507\" data-elementor-lightbox-title=\"famadesa-carniceria\" data-e-action-hash=\"#elementor-action%3Aaction%3Dlightbox%26settings%3DeyJpZCI6NjIxOSwidXJsIjoiaHR0cHM6XC9cL2ZhbWFkZXNhLmVzXC93cC1jb250ZW50XC91cGxvYWRzXC8yMDI0XC8wMVwvZmFtYWRlc2EtY2FybmljZXJpYS0xLmpwZWciLCJzbGlkZXNob3ciOiI5YTIyNTA3In0%3D\" href=\"https:\/\/famadesa.es\/wp-content\/uploads\/2024\/01\/famadesa-carniceria-1.jpeg\"><img loading=\"lazy\" decoding=\"async\" width=\"300\" height=\"300\" src=\"https:\/\/famadesa.es\/wp-content\/uploads\/2024\/01\/famadesa-carniceria-1-300x300.jpeg\" class=\"attachment-woocommerce_thumbnail size-woocommerce_thumbnail\" alt=\"\" srcset=\"https:\/\/famadesa.es\/wp-content\/uploads\/2024\/01\/famadesa-carniceria-1-300x300.jpeg 300w, https:\/\/famadesa.es\/wp-content\/uploads\/2024\/01\/famadesa-carniceria-1-100x100.jpeg 100w, https:\/\/famadesa.es\/wp-content\/uploads\/2024\/01\/famadesa-carniceria-1-150x150.jpeg 150w\" sizes=\"(max-width: 300px) 100vw, 300px\" \/><\/a>\n\t\t\t<\/div><\/figure>\n\t\t<\/div>\n\t\t<\/div>\n\t\t\t\t\t\t<\/div>\n\t\t\t\t<\/div>\n\t\t\t\t\t<\/div>\n\t\t<\/div>\n\t\t\t\t\t<\/div>\n\t\t<\/section>\n\t\t\t\t<\/div>\n\t\t","protected":false},"excerpt":{"rendered":"<p>Famadesa Butcher Shop Camino Sta. In\u00e9s, 71, Campanillas (M\u00e1laga). The butcher shop and delicatessen of Famadesa in M\u00e1lagapanillas (M\u00e1laga). At the Famadesa butcher shop, you can find a wide variety of our own brand products (both meat and charcuterie), along with other beef, lamb, poultry, and rabbit products. 50 years BBQ packs Pork Malaga sausage [&hellip;]<\/p>\n","protected":false},"author":1,"featured_media":0,"parent":0,"menu_order":0,"comment_status":"closed","ping_status":"closed","template":"elementor_header_footer","meta":{"footnotes":""},"class_list":["post-6731","page","type-page","status-publish","hentry"],"_links":{"self":[{"href":"https:\/\/famadesa.es\/en\/wp-json\/wp\/v2\/pages\/6731","targetHints":{"allow":["GET"]}}],"collection":[{"href":"https:\/\/famadesa.es\/en\/wp-json\/wp\/v2\/pages"}],"about":[{"href":"https:\/\/famadesa.es\/en\/wp-json\/wp\/v2\/types\/page"}],"author":[{"embeddable":true,"href":"https:\/\/famadesa.es\/en\/wp-json\/wp\/v2\/users\/1"}],"replies":[{"embeddable":true,"href":"https:\/\/famadesa.es\/en\/wp-json\/wp\/v2\/comments?post=6731"}],"version-history":[{"count":3,"href":"https:\/\/famadesa.es\/en\/wp-json\/wp\/v2\/pages\/6731\/revisions"}],"predecessor-version":[{"id":6794,"href":"https:\/\/famadesa.es\/en\/wp-json\/wp\/v2\/pages\/6731\/revisions\/6794"}],"wp:attachment":[{"href":"https:\/\/famadesa.es\/en\/wp-json\/wp\/v2\/media?parent=6731"}],"curies":[{"name":"wp","href":"https:\/\/api.w.org\/{rel}","templated":true}]}}