{"id":6745,"date":"2024-01-23T12:43:33","date_gmt":"2024-01-23T12:43:33","guid":{"rendered":"https:\/\/famadesa.es\/famadesa-ham\/"},"modified":"2026-04-15T21:10:21","modified_gmt":"2026-04-15T21:10:21","slug":"famadesa-ham","status":"publish","type":"page","link":"https:\/\/famadesa.es\/en\/famadesa-ham\/","title":{"rendered":"Famadesa Ham"},"content":{"rendered":"\t\t<div data-elementor-type=\"wp-page\" data-elementor-id=\"6745\" class=\"elementor elementor-6745 elementor-4926\" data-elementor-post-type=\"page\">\n\t\t\t\t\t\t<section class=\"elementor-section elementor-top-section elementor-element elementor-element-58eb78b0 elementor-section-boxed elementor-section-height-default elementor-section-height-default\" data-id=\"58eb78b0\" data-element_type=\"section\" data-e-type=\"section\" data-settings=\"{&quot;background_background&quot;:&quot;classic&quot;}\">\n\t\t\t\t\t\t\t<div class=\"elementor-background-overlay\"><\/div>\n\t\t\t\t\t\t\t<div class=\"elementor-container elementor-column-gap-default\">\n\t\t\t\t\t<div class=\"elementor-column elementor-col-100 elementor-top-column elementor-element elementor-element-741f025f\" data-id=\"741f025f\" data-element_type=\"column\" data-e-type=\"column\" data-settings=\"{&quot;background_background&quot;:&quot;classic&quot;}\">\n\t\t\t<div class=\"elementor-widget-wrap elementor-element-populated\">\n\t\t\t\t\t\t<div class=\"elementor-element elementor-element-6fc953d elementor-widget elementor-widget-heading\" data-id=\"6fc953d\" data-element_type=\"widget\" data-e-type=\"widget\" data-widget_type=\"heading.default\">\n\t\t\t\t<div class=\"elementor-widget-container\">\n\t\t\t\t\t<div class=\"elementor-heading-title elementor-size-default\">Jam\u00f3n Famadesa<\/div>\t\t\t\t<\/div>\n\t\t\t\t<\/div>\n\t\t\t\t\t<\/div>\n\t\t<\/div>\n\t\t\t\t\t<\/div>\n\t\t<\/section>\n\t\t\t\t<section class=\"elementor-section elementor-top-section elementor-element elementor-element-52173685 elementor-section-boxed elementor-section-height-default elementor-section-height-default\" data-id=\"52173685\" data-element_type=\"section\" data-e-type=\"section\">\n\t\t\t\t\t\t<div class=\"elementor-container elementor-column-gap-no\">\n\t\t\t\t\t<div class=\"elementor-column elementor-col-100 elementor-top-column elementor-element elementor-element-5cd4efa9\" data-id=\"5cd4efa9\" data-element_type=\"column\" data-e-type=\"column\">\n\t\t\t<div class=\"elementor-widget-wrap elementor-element-populated\">\n\t\t\t\t\t\t<div class=\"elementor-element elementor-element-252d9466 elementor-widget elementor-widget-heading\" data-id=\"252d9466\" data-element_type=\"widget\" data-e-type=\"widget\" data-widget_type=\"heading.default\">\n\t\t\t\t<div class=\"elementor-widget-container\">\n\t\t\t\t\t<h2 class=\"elementor-heading-title elementor-size-default\">Famadesa<\/h2>\t\t\t\t<\/div>\n\t\t\t\t<\/div>\n\t\t\t\t<div class=\"elementor-element elementor-element-2bdf26d2 elementor-widget elementor-widget-heading\" data-id=\"2bdf26d2\" data-element_type=\"widget\" data-e-type=\"widget\" data-widget_type=\"heading.default\">\n\t\t\t\t<div class=\"elementor-widget-container\">\n\t\t\t\t\t<h1 class=\"elementor-heading-title elementor-size-default\">Jam\u00f3n Serrano de M\u00e1laga\n<\/h1>\t\t\t\t<\/div>\n\t\t\t\t<\/div>\n\t\t\t\t<div class=\"elementor-element elementor-element-95b737e elementor-widget elementor-widget-text-editor\" data-id=\"95b737e\" data-element_type=\"widget\" data-e-type=\"widget\" data-widget_type=\"text-editor.default\">\n\t\t\t\t<div class=\"elementor-widget-container\">\n\t\t\t\t\t\t\t\t\tFamadesa produce cerca de 200.000 piezas al a\u00f1o de jam\u00f3n curado semigraso de capa blanca. Un producto muy solicitado por nuestros clientes, que cada d\u00eda siguen demandado la excelencia en cada pieza.\n\n\t\t\t\t\t\t\t\t<\/div>\n\t\t\t\t<\/div>\n\t\t\t\t<section class=\"elementor-section elementor-inner-section elementor-element elementor-element-7b8a9656 elementor-section-boxed elementor-section-height-default elementor-section-height-default\" data-id=\"7b8a9656\" data-element_type=\"section\" data-e-type=\"section\">\n\t\t\t\t\t\t<div class=\"elementor-container elementor-column-gap-no\">\n\t\t\t\t\t<div class=\"elementor-column elementor-col-50 elementor-inner-column elementor-element elementor-element-7a4a8587\" data-id=\"7a4a8587\" data-element_type=\"column\" data-e-type=\"column\">\n\t\t\t<div class=\"elementor-widget-wrap elementor-element-populated\">\n\t\t\t\t\t\t<div class=\"elementor-element elementor-element-61d0dfb3 elementor-widget__width-initial elementor-widget-tablet__width-initial elementor-widget-mobile__width-initial elementor-widget elementor-widget-image\" data-id=\"61d0dfb3\" data-element_type=\"widget\" data-e-type=\"widget\" data-widget_type=\"image.default\">\n\t\t\t\t<div class=\"elementor-widget-container\">\n\t\t\t\t\t\t\t\t\t\t\t\t\t\t\t<img fetchpriority=\"high\" decoding=\"async\" width=\"940\" height=\"1080\" src=\"https:\/\/famadesa.es\/wp-content\/uploads\/2024\/01\/jamon-famadesa.jpg\" class=\"attachment-full size-full wp-image-6202\" alt=\"\" srcset=\"https:\/\/famadesa.es\/wp-content\/uploads\/2024\/01\/jamon-famadesa.jpg 940w, https:\/\/famadesa.es\/wp-content\/uploads\/2024\/01\/jamon-famadesa-600x689.jpg 600w, https:\/\/famadesa.es\/wp-content\/uploads\/2024\/01\/jamon-famadesa-261x300.jpg 261w, https:\/\/famadesa.es\/wp-content\/uploads\/2024\/01\/jamon-famadesa-891x1024.jpg 891w, https:\/\/famadesa.es\/wp-content\/uploads\/2024\/01\/jamon-famadesa-768x882.jpg 768w\" sizes=\"(max-width: 940px) 100vw, 940px\" \/>\t\t\t\t\t\t\t\t\t\t\t\t\t\t\t<\/div>\n\t\t\t\t<\/div>\n\t\t\t\t\t<\/div>\n\t\t<\/div>\n\t\t\t\t<div class=\"elementor-column elementor-col-25 elementor-inner-column elementor-element elementor-element-628736a7\" data-id=\"628736a7\" data-element_type=\"column\" data-e-type=\"column\">\n\t\t\t<div class=\"elementor-widget-wrap elementor-element-populated\">\n\t\t\t\t\t\t<div class=\"elementor-element elementor-element-450f6ad9 jkit-equal-height-disable elementor-widget elementor-widget-jkit_icon_box\" data-id=\"450f6ad9\" data-element_type=\"widget\" data-e-type=\"widget\" data-widget_type=\"jkit_icon_box.default\">\n\t\t\t\t<div class=\"elementor-widget-container\">\n\t\t\t\t\t<div  class=\"jeg-elementor-kit jkit-icon-box icon-position- elementor-animation- jeg_module___69f1f0b1532c1\" ><div class=\"jkit-icon-box-wrapper hover-from-left\"><div class=\"icon-box icon-box-header elementor-animation-\"><div class=\"icon style-color\"><i aria-hidden=\"true\" class=\"jki jki-badge\"><\/i><\/div><\/div><div class=\"icon-box icon-box-body\">\n                <h2 class=\"title\">Curaci\u00f3n en M\u00e1laga<\/h2><p class=\"icon-box-description\">Con una curaci\u00f3n de entre 12 y 15 meses para el primero y m\u00e1s de 16 para el segundo, es curado en secaderos del norte de la provincia de M\u00e1laga.<\/p>\n            <\/div>\n            \n            <\/div><\/div>\t\t\t\t<\/div>\n\t\t\t\t<\/div>\n\t\t\t\t<div class=\"elementor-element elementor-element-7988a025 jkit-equal-height-disable elementor-widget elementor-widget-jkit_icon_box\" data-id=\"7988a025\" data-element_type=\"widget\" data-e-type=\"widget\" data-widget_type=\"jkit_icon_box.default\">\n\t\t\t\t<div class=\"elementor-widget-container\">\n\t\t\t\t\t<div  class=\"jeg-elementor-kit jkit-icon-box icon-position- elementor-animation- jeg_module__1_69f1f0b154fb4\" ><div class=\"jkit-icon-box-wrapper hover-from-left\"><div class=\"icon-box icon-box-header elementor-animation-\"><div class=\"icon style-color\"><i aria-hidden=\"true\" class=\"jki jki-microscope-light\"><\/i><\/div><\/div><div class=\"icon-box icon-box-body\">\n                <h2 class=\"title\">Calidad asegurada<\/h2><p class=\"icon-box-description\">Nuestro Jam\u00f3n Reserva y Gran Reserva Famadesa con hueso cumple con el m\u00e1s alto canon de calidad exigible.<\/p>\n            <\/div>\n            \n            <\/div><\/div>\t\t\t\t<\/div>\n\t\t\t\t<\/div>\n\t\t\t\t\t<\/div>\n\t\t<\/div>\n\t\t\t\t<div class=\"elementor-column elementor-col-25 elementor-inner-column elementor-element elementor-element-581b6091\" data-id=\"581b6091\" data-element_type=\"column\" data-e-type=\"column\">\n\t\t\t<div class=\"elementor-widget-wrap elementor-element-populated\">\n\t\t\t\t\t\t<div class=\"elementor-element elementor-element-4f6dca40 jkit-equal-height-disable elementor-widget elementor-widget-jkit_icon_box\" data-id=\"4f6dca40\" data-element_type=\"widget\" data-e-type=\"widget\" data-widget_type=\"jkit_icon_box.default\">\n\t\t\t\t<div class=\"elementor-widget-container\">\n\t\t\t\t\t<div  class=\"jeg-elementor-kit jkit-icon-box icon-position- elementor-animation- jeg_module__2_69f1f0b156931\" ><div class=\"jkit-icon-box-wrapper hover-from-left\"><div class=\"icon-box icon-box-header elementor-animation-\"><div class=\"icon style-color\"><i aria-hidden=\"true\" class=\"jki jki-package-line\"><\/i><\/div><\/div><div class=\"icon-box icon-box-body\">\n                <h2 class=\"title\">Disponibilidad<\/h2><p class=\"icon-box-description\">Todos los jamones de Famadesa est\u00e1n disponibles en nuestra tienda de carnicer\u00eda y en nuestra red comercial de distribuci\u00f3n.<\/p>\n            <\/div>\n            \n            <\/div><\/div>\t\t\t\t<\/div>\n\t\t\t\t<\/div>\n\t\t\t\t<div class=\"elementor-element elementor-element-6caec529 jkit-equal-height-disable elementor-widget elementor-widget-jkit_icon_box\" data-id=\"6caec529\" data-element_type=\"widget\" data-e-type=\"widget\" data-widget_type=\"jkit_icon_box.default\">\n\t\t\t\t<div class=\"elementor-widget-container\">\n\t\t\t\t\t<div  class=\"jeg-elementor-kit jkit-icon-box icon-position- elementor-animation- jeg_module__3_69f1f0b15862f\" ><div class=\"jkit-icon-box-wrapper hover-from-left\"><div class=\"icon-box icon-box-header elementor-animation-\"><div class=\"icon style-color\"><i aria-hidden=\"true\" class=\"jki jki-diploma-light\"><\/i><\/div><\/div><div class=\"icon-box icon-box-body\">\n                <h2 class=\"title\">Sabor suave <\/h2><p class=\"icon-box-description\">Nuestro jam\u00f3n blanco responde en el paladar al gusto suave y dulce que de \u00e9l se espera.<\/p>\n            <\/div>\n            \n            <\/div><\/div>\t\t\t\t<\/div>\n\t\t\t\t<\/div>\n\t\t\t\t\t<\/div>\n\t\t<\/div>\n\t\t\t\t\t<\/div>\n\t\t<\/section>\n\t\t\t\t<section class=\"elementor-section elementor-inner-section elementor-element elementor-element-4dff0f78 elementor-section-boxed elementor-section-height-default elementor-section-height-default\" data-id=\"4dff0f78\" data-element_type=\"section\" data-e-type=\"section\">\n\t\t\t\t\t\t<div class=\"elementor-container elementor-column-gap-default\">\n\t\t\t\t\t<div class=\"elementor-column elementor-col-25 elementor-inner-column elementor-element elementor-element-af2105c\" data-id=\"af2105c\" data-element_type=\"column\" data-e-type=\"column\" data-settings=\"{&quot;background_background&quot;:&quot;classic&quot;}\">\n\t\t\t<div class=\"elementor-widget-wrap elementor-element-populated\">\n\t\t\t\t\t\t<div class=\"elementor-element elementor-element-366477c elementor-widget elementor-widget-image\" data-id=\"366477c\" data-element_type=\"widget\" data-e-type=\"widget\" data-widget_type=\"image.default\">\n\t\t\t\t<div class=\"elementor-widget-container\">\n\t\t\t\t\t\t\t\t\t\t\t\t\t\t\t<img decoding=\"async\" width=\"1420\" height=\"2000\" src=\"https:\/\/famadesa.es\/wp-content\/uploads\/2024\/01\/a.jpg\" class=\"attachment-full size-full wp-image-6199\" alt=\"\" srcset=\"https:\/\/famadesa.es\/wp-content\/uploads\/2024\/01\/a.jpg 1420w, https:\/\/famadesa.es\/wp-content\/uploads\/2024\/01\/a-600x845.jpg 600w, https:\/\/famadesa.es\/wp-content\/uploads\/2024\/01\/a-213x300.jpg 213w, https:\/\/famadesa.es\/wp-content\/uploads\/2024\/01\/a-727x1024.jpg 727w, https:\/\/famadesa.es\/wp-content\/uploads\/2024\/01\/a-768x1082.jpg 768w, https:\/\/famadesa.es\/wp-content\/uploads\/2024\/01\/a-1091x1536.jpg 1091w\" sizes=\"(max-width: 1420px) 100vw, 1420px\" \/>\t\t\t\t\t\t\t\t\t\t\t\t\t\t\t<\/div>\n\t\t\t\t<\/div>\n\t\t\t\t\t<\/div>\n\t\t<\/div>\n\t\t\t\t<div class=\"elementor-column elementor-col-25 elementor-inner-column elementor-element elementor-element-6a450ee4\" data-id=\"6a450ee4\" data-element_type=\"column\" data-e-type=\"column\" data-settings=\"{&quot;background_background&quot;:&quot;classic&quot;}\">\n\t\t\t<div class=\"elementor-widget-wrap elementor-element-populated\">\n\t\t\t\t\t\t<div class=\"elementor-element elementor-element-7205ecd4 elementor-widget elementor-widget-image\" data-id=\"7205ecd4\" data-element_type=\"widget\" data-e-type=\"widget\" data-widget_type=\"image.default\">\n\t\t\t\t<div class=\"elementor-widget-container\">\n\t\t\t\t\t\t\t\t\t\t\t\t\t\t\t<img decoding=\"async\" width=\"1420\" height=\"2000\" src=\"https:\/\/famadesa.es\/wp-content\/uploads\/2024\/01\/a2.jpg\" class=\"attachment-full size-full wp-image-6200\" alt=\"\" srcset=\"https:\/\/famadesa.es\/wp-content\/uploads\/2024\/01\/a2.jpg 1420w, https:\/\/famadesa.es\/wp-content\/uploads\/2024\/01\/a2-600x845.jpg 600w, https:\/\/famadesa.es\/wp-content\/uploads\/2024\/01\/a2-213x300.jpg 213w, https:\/\/famadesa.es\/wp-content\/uploads\/2024\/01\/a2-727x1024.jpg 727w, https:\/\/famadesa.es\/wp-content\/uploads\/2024\/01\/a2-768x1082.jpg 768w, https:\/\/famadesa.es\/wp-content\/uploads\/2024\/01\/a2-1091x1536.jpg 1091w\" sizes=\"(max-width: 1420px) 100vw, 1420px\" \/>\t\t\t\t\t\t\t\t\t\t\t\t\t\t\t<\/div>\n\t\t\t\t<\/div>\n\t\t\t\t\t<\/div>\n\t\t<\/div>\n\t\t\t\t<div class=\"elementor-column elementor-col-25 elementor-inner-column elementor-element elementor-element-7eca7278\" data-id=\"7eca7278\" data-element_type=\"column\" data-e-type=\"column\" data-settings=\"{&quot;background_background&quot;:&quot;classic&quot;}\">\n\t\t\t<div class=\"elementor-widget-wrap elementor-element-populated\">\n\t\t\t\t\t\t<div class=\"elementor-element elementor-element-d02fc03 elementor-widget elementor-widget-image\" data-id=\"d02fc03\" data-element_type=\"widget\" data-e-type=\"widget\" data-widget_type=\"image.default\">\n\t\t\t\t<div class=\"elementor-widget-container\">\n\t\t\t\t\t\t\t\t\t\t\t\t\t\t\t<img loading=\"lazy\" decoding=\"async\" width=\"1420\" height=\"2000\" src=\"https:\/\/famadesa.es\/wp-content\/uploads\/2024\/01\/a3.jpg\" class=\"attachment-full size-full wp-image-6203\" alt=\"\" srcset=\"https:\/\/famadesa.es\/wp-content\/uploads\/2024\/01\/a3.jpg 1420w, https:\/\/famadesa.es\/wp-content\/uploads\/2024\/01\/a3-600x845.jpg 600w, https:\/\/famadesa.es\/wp-content\/uploads\/2024\/01\/a3-213x300.jpg 213w, https:\/\/famadesa.es\/wp-content\/uploads\/2024\/01\/a3-727x1024.jpg 727w, https:\/\/famadesa.es\/wp-content\/uploads\/2024\/01\/a3-768x1082.jpg 768w, https:\/\/famadesa.es\/wp-content\/uploads\/2024\/01\/a3-1091x1536.jpg 1091w\" sizes=\"(max-width: 1420px) 100vw, 1420px\" \/>\t\t\t\t\t\t\t\t\t\t\t\t\t\t\t<\/div>\n\t\t\t\t<\/div>\n\t\t\t\t\t<\/div>\n\t\t<\/div>\n\t\t\t\t<div class=\"elementor-column elementor-col-25 elementor-inner-column elementor-element elementor-element-5dbd60ab\" data-id=\"5dbd60ab\" data-element_type=\"column\" data-e-type=\"column\" data-settings=\"{&quot;background_background&quot;:&quot;classic&quot;}\">\n\t\t\t<div class=\"elementor-widget-wrap elementor-element-populated\">\n\t\t\t\t\t\t<div class=\"elementor-element elementor-element-a891236 elementor-widget elementor-widget-image\" data-id=\"a891236\" data-element_type=\"widget\" data-e-type=\"widget\" data-widget_type=\"image.default\">\n\t\t\t\t<div class=\"elementor-widget-container\">\n\t\t\t\t\t\t\t\t\t\t\t\t\t\t\t<img loading=\"lazy\" decoding=\"async\" width=\"1420\" height=\"2000\" src=\"https:\/\/famadesa.es\/wp-content\/uploads\/2024\/01\/a-1.jpg\" class=\"attachment-full size-full wp-image-6201\" alt=\"\" srcset=\"https:\/\/famadesa.es\/wp-content\/uploads\/2024\/01\/a-1.jpg 1420w, https:\/\/famadesa.es\/wp-content\/uploads\/2024\/01\/a-1-600x845.jpg 600w, https:\/\/famadesa.es\/wp-content\/uploads\/2024\/01\/a-1-213x300.jpg 213w, https:\/\/famadesa.es\/wp-content\/uploads\/2024\/01\/a-1-727x1024.jpg 727w, https:\/\/famadesa.es\/wp-content\/uploads\/2024\/01\/a-1-768x1082.jpg 768w, https:\/\/famadesa.es\/wp-content\/uploads\/2024\/01\/a-1-1091x1536.jpg 1091w\" sizes=\"(max-width: 1420px) 100vw, 1420px\" \/>\t\t\t\t\t\t\t\t\t\t\t\t\t\t\t<\/div>\n\t\t\t\t<\/div>\n\t\t\t\t\t<\/div>\n\t\t<\/div>\n\t\t\t\t\t<\/div>\n\t\t<\/section>\n\t\t\t\t\t<\/div>\n\t\t<\/div>\n\t\t\t\t\t<\/div>\n\t\t<\/section>\n\t\t\t\t<\/div>\n\t\t","protected":false},"excerpt":{"rendered":"<p>Jam\u00f3n Famadesa Famadesa Jam\u00f3n Serrano de M\u00e1laga Famadesa produce cerca de 200.000 piezas al a\u00f1o de jam\u00f3n curado semigraso de capa blanca. Un producto muy solicitado por nuestros clientes, que cada d\u00eda siguen demandado la excelencia en cada pieza. Curaci\u00f3n en M\u00e1laga Con una curaci\u00f3n de entre 12 y 15 meses para el primero y [&hellip;]<\/p>\n","protected":false},"author":1,"featured_media":0,"parent":0,"menu_order":0,"comment_status":"closed","ping_status":"closed","template":"elementor_header_footer","meta":{"footnotes":""},"class_list":["post-6745","page","type-page","status-publish","hentry"],"_links":{"self":[{"href":"https:\/\/famadesa.es\/en\/wp-json\/wp\/v2\/pages\/6745","targetHints":{"allow":["GET"]}}],"collection":[{"href":"https:\/\/famadesa.es\/en\/wp-json\/wp\/v2\/pages"}],"about":[{"href":"https:\/\/famadesa.es\/en\/wp-json\/wp\/v2\/types\/page"}],"author":[{"embeddable":true,"href":"https:\/\/famadesa.es\/en\/wp-json\/wp\/v2\/users\/1"}],"replies":[{"embeddable":true,"href":"https:\/\/famadesa.es\/en\/wp-json\/wp\/v2\/comments?post=6745"}],"version-history":[{"count":10,"href":"https:\/\/famadesa.es\/en\/wp-json\/wp\/v2\/pages\/6745\/revisions"}],"predecessor-version":[{"id":6825,"href":"https:\/\/famadesa.es\/en\/wp-json\/wp\/v2\/pages\/6745\/revisions\/6825"}],"wp:attachment":[{"href":"https:\/\/famadesa.es\/en\/wp-json\/wp\/v2\/media?parent=6745"}],"curies":[{"name":"wp","href":"https:\/\/api.w.org\/{rel}","templated":true}]}}